{"id":199,"date":"2020-12-05T23:45:42","date_gmt":"2020-12-05T23:45:42","guid":{"rendered":"https:\/\/colonialandestradingco.com\/\/?page_id=199"},"modified":"2021-02-01T06:02:56","modified_gmt":"2021-02-01T06:02:56","slug":"sobre-nosotros","status":"publish","type":"page","link":"https:\/\/lalovelasco.com\/lalovelasco\/fiesta\/sobre-nosotros\/","title":{"rendered":"Sobre Nosotros"},"content":{"rendered":"\t\t<div data-elementor-type=\"wp-page\" data-elementor-id=\"199\" class=\"elementor elementor-199\">\n\t\t\t\t\t\t<section class=\"elementor-section elementor-top-section elementor-element elementor-element-3055c360 elementor-section-content-middle elementor-section-full_width elementor-section-height-default elementor-section-height-default\" data-id=\"3055c360\" data-element_type=\"section\">\n\t\t\t\t\t\t<div class=\"elementor-container elementor-column-gap-no\">\n\t\t\t\t\t<div class=\"elementor-column elementor-col-50 elementor-top-column elementor-element elementor-element-69e845a\" data-id=\"69e845a\" data-element_type=\"column\" data-settings=\"{&quot;background_background&quot;:&quot;classic&quot;}\">\n\t\t\t<div class=\"elementor-widget-wrap elementor-element-populated\">\n\t\t\t\t\t<div class=\"elementor-background-overlay\"><\/div>\n\t\t\t\t\t\t<div class=\"elementor-element elementor-element-2027beae elementor-widget elementor-widget-heading\" data-id=\"2027beae\" data-element_type=\"widget\" data-widget_type=\"heading.default\">\n\t\t\t\t<div class=\"elementor-widget-container\">\n\t\t\t\t\t<h4 class=\"elementor-heading-title elementor-size-default\">Sobre Nosotros<\/h4>\t\t\t\t<\/div>\n\t\t\t\t<\/div>\n\t\t\t\t<div class=\"elementor-element elementor-element-5692caaf elementor-widget elementor-widget-text-editor\" data-id=\"5692caaf\" data-element_type=\"widget\" data-widget_type=\"text-editor.default\">\n\t\t\t\t<div class=\"elementor-widget-container\">\n\t\t\t\t\t\t\t\t\t<p>Somos una empresa peruana de vasta experiencia en fabricaci\u00f3n de muebles de alta calidad exclusivamente para la exportaci\u00f3n. Ponemos, ahora, nuestros productos a disposici\u00f3n del mercado peruano con nuestra exclusiva colecci\u00f3n ANDES PER\u00da que incluye espectaculares muebles de madera cedro s\u00f3lida con exquisitos tallados hechos a mano por expertos artesanos peruanos. Nuestra l\u00ednea exclusiva ha sido dise\u00f1ada pensando en la funcionalidad, pero con presencia imponente del mueble cl\u00e1sico.<\/p><p>Lo invitamos a recorrer nuestra p\u00e1gina y as\u00ed apreciar la calidad y variedad de muebles que ofrecemos, comun\u00edquese con nosotros que encantados absolveremos cualquier consulta que pueda tener.<\/p>\t\t\t\t\t\t\t\t<\/div>\n\t\t\t\t<\/div>\n\t\t\t\t\t<\/div>\n\t\t<\/div>\n\t\t\t\t<div class=\"elementor-column elementor-col-50 elementor-top-column elementor-element elementor-element-3a18444e\" data-id=\"3a18444e\" data-element_type=\"column\">\n\t\t\t<div class=\"elementor-widget-wrap elementor-element-populated\">\n\t\t\t\t\t\t<div class=\"elementor-element elementor-element-4a1e084 elementor-widget elementor-widget-video\" data-id=\"4a1e084\" data-element_type=\"widget\" data-settings=\"{&quot;video_type&quot;:&quot;hosted&quot;,&quot;autoplay&quot;:&quot;yes&quot;,&quot;controls&quot;:&quot;yes&quot;}\" data-widget_type=\"video.default\">\n\t\t\t\t<div class=\"elementor-widget-container\">\n\t\t\t\t\t\t\t<div class=\"e-hosted-video elementor-wrapper elementor-open-inline\">\n\t\t\t\t\t<video class=\"elementor-video\" src=\"https:\/\/colonialandestradingco.com\/wp-content\/uploads\/2020\/12\/Colonial_4.mp4\" autoplay=\"\" controls=\"\" controlsList=\"nodownload\"><\/video>\n\t\t\t\t<\/div>\n\t\t\t\t\t\t<\/div>\n\t\t\t\t<\/div>\n\t\t\t\t\t<\/div>\n\t\t<\/div>\n\t\t\t\t\t<\/div>\n\t\t<\/section>\n\t\t\t\t<\/div>\n\t\t","protected":false},"excerpt":{"rendered":"<p>Sobre Nosotros Somos una empresa peruana de vasta experiencia en fabricaci\u00f3n de muebles de alta calidad exclusivamente para la exportaci\u00f3n. Ponemos, ahora, nuestros productos a disposici\u00f3n del mercado peruano con nuestra exclusiva colecci\u00f3n ANDES PER\u00da que incluye espectaculares muebles de madera cedro s\u00f3lida con exquisitos tallados hechos a mano por expertos artesanos peruanos. Nuestra l\u00ednea [&hellip;]<\/p>\n","protected":false},"author":1,"featured_media":0,"parent":0,"menu_order":0,"comment_status":"closed","ping_status":"closed","template":"","meta":{"site-sidebar-layout":"no-sidebar","site-content-layout":"page-builder","ast-site-content-layout":"default","site-content-style":"default","site-sidebar-style":"default","ast-global-header-display":"","ast-banner-title-visibility":"","ast-main-header-display":"","ast-hfb-above-header-display":"","ast-hfb-below-header-display":"","ast-hfb-mobile-header-display":"","site-post-title":"disabled","ast-breadcrumbs-content":"","ast-featured-img":"disabled","footer-sml-layout":"","ast-disable-related-posts":"","theme-transparent-header-meta":"default","adv-header-id-meta":"","stick-header-meta":"","header-above-stick-meta":"","header-main-stick-meta":"","header-below-stick-meta":"","astra-migrate-meta-layouts":"default","ast-page-background-enabled":"default","ast-page-background-meta":{"desktop":{"background-color":"var(--ast-global-color-4)","background-image":"","background-repeat":"repeat","background-position":"center center","background-size":"auto","background-attachment":"scroll","background-type":"","background-media":"","overlay-type":"","overlay-color":"","overlay-opacity":"","overlay-gradient":""},"tablet":{"background-color":"","background-image":"","background-repeat":"repeat","background-position":"center center","background-size":"auto","background-attachment":"scroll","background-type":"","background-media":"","overlay-type":"","overlay-color":"","overlay-opacity":"","overlay-gradient":""},"mobile":{"background-color":"","background-image":"","background-repeat":"repeat","background-position":"center center","background-size":"auto","background-attachment":"scroll","background-type":"","background-media":"","overlay-type":"","overlay-color":"","overlay-opacity":"","overlay-gradient":""}},"ast-content-background-meta":{"desktop":{"background-color":"var(--ast-global-color-5)","background-image":"","background-repeat":"repeat","background-position":"center center","background-size":"auto","background-attachment":"scroll","background-type":"","background-media":"","overlay-type":"","overlay-color":"","overlay-opacity":"","overlay-gradient":""},"tablet":{"background-color":"var(--ast-global-color-5)","background-image":"","background-repeat":"repeat","background-position":"center center","background-size":"auto","background-attachment":"scroll","background-type":"","background-media":"","overlay-type":"","overlay-color":"","overlay-opacity":"","overlay-gradient":""},"mobile":{"background-color":"var(--ast-global-color-5)","background-image":"","background-repeat":"repeat","background-position":"center center","background-size":"auto","background-attachment":"scroll","background-type":"","background-media":"","overlay-type":"","overlay-color":"","overlay-opacity":"","overlay-gradient":""}},"footnotes":""},"class_list":["post-199","page","type-page","status-publish","hentry"],"_links":{"self":[{"href":"https:\/\/lalovelasco.com\/lalovelasco\/fiesta\/wp-json\/wp\/v2\/pages\/199","targetHints":{"allow":["GET"]}}],"collection":[{"href":"https:\/\/lalovelasco.com\/lalovelasco\/fiesta\/wp-json\/wp\/v2\/pages"}],"about":[{"href":"https:\/\/lalovelasco.com\/lalovelasco\/fiesta\/wp-json\/wp\/v2\/types\/page"}],"author":[{"embeddable":true,"href":"https:\/\/lalovelasco.com\/lalovelasco\/fiesta\/wp-json\/wp\/v2\/users\/1"}],"replies":[{"embeddable":true,"href":"https:\/\/lalovelasco.com\/lalovelasco\/fiesta\/wp-json\/wp\/v2\/comments?post=199"}],"version-history":[{"count":44,"href":"https:\/\/lalovelasco.com\/lalovelasco\/fiesta\/wp-json\/wp\/v2\/pages\/199\/revisions"}],"predecessor-version":[{"id":1233,"href":"https:\/\/lalovelasco.com\/lalovelasco\/fiesta\/wp-json\/wp\/v2\/pages\/199\/revisions\/1233"}],"wp:attachment":[{"href":"https:\/\/lalovelasco.com\/lalovelasco\/fiesta\/wp-json\/wp\/v2\/media?parent=199"}],"curies":[{"name":"wp","href":"https:\/\/api.w.org\/{rel}","templated":true}]}}